{"id":337,"date":"2018-08-30T14:55:26","date_gmt":"2018-08-30T14:55:26","guid":{"rendered":"http:\/\/1918local.eu\/?page_id=337"},"modified":"2020-10-19T16:04:36","modified_gmt":"2020-10-19T16:04:36","slug":"affiliate-researchers","status":"publish","type":"page","link":"https:\/\/1918local.eu\/sr-sp\/affiliate-researchers\/","title":{"rendered":"Affiliate Researchers"},"content":{"rendered":"<\/p>\n<p><a href=\"https:\/\/1918local.eu\/oliver-peji\/\">Oliver Pejic<\/a> &#8211; <em>affiliate researcher<\/em><\/p>\n<p><a href=\"https:\/\/1918local.eu\/zsofia-kokenyessy\/\">Zs\u00f3fia, K\u00f6k\u00e9nyessy <\/a>&#8211; <em>affiliate researcher<\/em><\/p>\n<p><a href=\"https:\/\/1918local.eu\/anna-adorjani\/\">Anna, Adorj\u00e1ni<\/a> &#8211;\u00a0<em>affiliate reseacher<\/em><\/p>\n<p><a href=\"https:\/\/1918local.eu\/agnes-ordasi\/\">\u00c1gnes, Ordasi<\/a> &#8211; <em>affiliate researcher<\/em><\/p>\n<p><a href=\"https:\/\/1918local.eu\/cristina-florea\/\">Christina Florea<\/a> &#8211; <em>affiliate researcher<\/em><\/p>\n","protected":false},"excerpt":{"rendered":"<p>Oliver Pejic &#8211; affiliate researcher Zs\u00f3fia, K\u00f6k\u00e9nyessy &#8211; affiliate researcher Anna, Adorj\u00e1ni &#8211;\u00a0affiliate reseacher \u00c1gnes, Ordasi &#8211; affiliate researcher Christina Florea &#8211; affiliate researcher<\/p>\n","protected":false},"author":1,"featured_media":0,"parent":0,"menu_order":0,"comment_status":"closed","ping_status":"closed","template":"","meta":{"_genesis_hide_title":false,"_genesis_hide_breadcrumbs":false,"_genesis_hide_singular_image":false,"_genesis_hide_footer_widgets":false,"_genesis_custom_body_class":"","_genesis_custom_post_class":"","_genesis_layout":""},"_links":{"self":[{"href":"https:\/\/1918local.eu\/sr-sp\/wp-json\/wp\/v2\/pages\/337"}],"collection":[{"href":"https:\/\/1918local.eu\/sr-sp\/wp-json\/wp\/v2\/pages"}],"about":[{"href":"https:\/\/1918local.eu\/sr-sp\/wp-json\/wp\/v2\/types\/page"}],"author":[{"embeddable":true,"href":"https:\/\/1918local.eu\/sr-sp\/wp-json\/wp\/v2\/users\/1"}],"replies":[{"embeddable":true,"href":"https:\/\/1918local.eu\/sr-sp\/wp-json\/wp\/v2\/comments?post=337"}],"version-history":[{"count":12,"href":"https:\/\/1918local.eu\/sr-sp\/wp-json\/wp\/v2\/pages\/337\/revisions"}],"predecessor-version":[{"id":972,"href":"https:\/\/1918local.eu\/sr-sp\/wp-json\/wp\/v2\/pages\/337\/revisions\/972"}],"wp:attachment":[{"href":"https:\/\/1918local.eu\/sr-sp\/wp-json\/wp\/v2\/media?parent=337"}],"curies":[{"name":"wp","href":"https:\/\/api.w.org\/{rel}","templated":true}]}}