{"id":424,"date":"2018-10-26T13:28:58","date_gmt":"2018-10-26T13:28:58","guid":{"rendered":"http:\/\/1918local.eu\/?page_id=424"},"modified":"2024-05-27T13:59:41","modified_gmt":"2024-05-27T13:59:41","slug":"workshops","status":"publish","type":"page","link":"https:\/\/1918local.eu\/sr-sp\/workshops\/","title":{"rendered":"PROJECT WORKSHOPS, LECTURES, ROUNDTABLES"},"content":{"rendered":"\n<p>\u00a0<\/p>\n<h2>2023<\/h2>\n<p><strong>15-16 May 2023 \/ Budapest, Hungary<br \/><\/strong><strong>Project team workshop\/5<br \/><\/strong>Organizer: Institute of Political History<\/p>\n<ul>\n<li>Participants: G\u00e1bor Egry, Ivan Jeli\u010di\u0107, Jernej Kosi, Elisabeth Haid, Anik\u00f3 Izs\u00e1k, S\u00e9gol\u00e9ne Plyer, Christopher Wendt, Cody J. Inglis, K\u00e1roly Ign\u00e1cz<\/li>\n<\/ul>\n<p>\u00a0<\/p>\n<h2>2021<\/h2>\n<p>\u00a0<\/p>\n<p><strong>22 November 2021 \/ Online Seminar<br \/><\/strong><strong><a href=\"https:\/\/1918local.eu\/histoire-croisee-of-military-cultures-military-missions-in-east-central-europe1914-1938\/\">Histoire crois\u00e9e of Military Cultures. Military Missions in East-Central Europe, (1914\u20131938)<\/a><br \/><\/strong>Organizer: Institute of Political History<\/p>\n<ul>\n<li>Participant: Michal K\u0161i\u0148an<\/li>\n<\/ul>\n<p>\u00a0<\/p>\n<p><strong>8 November 2021 \/ Budapest, Hungary <br \/><\/strong><strong>Roundtable discussion (hybrid)<br \/><\/strong><strong><a href=\"https:\/\/1918local.eu\/a-legnagyobb-szlovak-es-magyarorszag\/\">\u201eA legnagyobb szlov\u00e1k\u201d \u00e9s Magyarorsz\u00e1g \u2013 besz\u00e9lget\u00e9s Milan Rastislav \u0160tef\u00e1nikr\u00f3l<\/a><br \/><\/strong>Organizers: PTI\u2013NKE<\/p>\n<ul>\n<li>Participants: Michal K\u0161i\u0148an, G\u00e1bor Egry<\/li>\n<\/ul>\n<p>\u00a0<\/p>\n<p><strong>20 October 2022 \/ Budapest, Hungary <br \/><\/strong><strong>Roundtable discussion (hybrid)<br \/><\/strong><strong><a href=\"https:\/\/1918local.eu\/military-cultures-before-and-after-the-great-war-in-habsburg-central-europe-2\/\">Military Cultures before and after the Great War in Habsburg Central Europe<\/a><br \/><\/strong>Organizer: Institute of Political History<\/p>\n<ul>\n<li>Participants: Michal K\u0161i\u0148an, Tamara Sheer, Rok Stergar<\/li>\n<\/ul>\n<p>\u00a0<\/p>\n<p><strong>28-29 June 2021 \/ Budapest, Hungary<br \/><\/strong><strong>Project team workshop\/4 &#8211; Ethnicity<br \/><\/strong>Organizer: Institute of Political History<\/p>\n<ul>\n<li>Participants: Julia Bavouzet, G\u00e1bor Egry, Ivan Jeli\u010di\u0107, Jernej Kosi, Elisabeth Haid, Anik\u00f3 Izs\u00e1k, Segolene Plyer, Christopher Wendt, Cody J. Inglis, K\u00e1roly Ign\u00e1cz<\/li>\n<\/ul>\n<p>\u00a0<\/p>\n<p><strong>10-11 May 2021 \/ Vienna, Austria\u00a0<br \/><\/strong><a href=\"https:\/\/1918local.eu\/administrative-cultures-in-transation-in-the-habsburg-successor-states\/\"><strong>Administrative Cultures in Transation in the Habsburg Successor States<\/strong><\/a><br \/>The online workshop is funded by: Collegium Hungaricum Wien, Austrian Science Fund, NEPOSTRANS (ERC-Project)<\/p>\n<ul>\n<li>Participants: Julia Bavouzet, Egry G\u00e1bor, Elisabeth Haid, Cody J. Inglis, K\u00e1roly Ign\u00e1cz<\/li>\n<\/ul>\n<p>\u00a0<\/p>\n<h2>2020<\/h2>\n<p>\u00a0<\/p>\n<p><strong>17-19 June 2020 \/ Budapest, Hungary<\/strong>\u00a0<br \/><strong>Online Team Workshop (Annual Seminar)<\/strong><br \/><strong><a href=\"https:\/\/1918local.eu\/elite-and-challengers\/\">Elite and Challengers<\/a><\/strong><\/p>\n<p>\u00a0<\/p>\n<h2>2019<\/h2>\n<p>\u00a0<\/p>\n<p><strong>8 November 2019 \/ Budapest, Hungary<br \/><\/strong><strong>Project team workshop \/ 3<br \/><\/strong><a href=\"https:\/\/1918local.eu\/team-workshop\/\"><strong>Elites<\/strong><\/a><br \/>Organizer: Institute of Political History<\/p>\n<ul>\n<li>Participants: G\u00e1bor Egry, Ivan Jeli\u010di\u0107, Jernej Kosi, Elisabeth Haid, Anik\u00f3 Izs\u00e1k, Segolene Plyer, Christopher Wendt, Cody J. Inglis<\/li>\n<\/ul>\n<p>\u00a0<\/p>\n<p><strong>18 June 2019 \/ Budapest, Hungary<br \/><\/strong><strong>Project team workshop \/ 2<br \/><\/strong><a href=\"https:\/\/1918local.eu\/erc-nepostrans-team-workshop\/\">Preparation for the inaugural project conference, to be held in Ljubljana, July 1-3<\/a><br \/>Organizer: Institute of Political History<\/p>\n<ul>\n<li>Participants: \u00c1gnes Ordasi, G\u00e1bor Egry, Ivan Jeli\u010di\u0107, Jernej Kosi, Elisabeth Haid, Anik\u00f3 Izs\u00e1k, Segolene Plyer, Christopher Wendt, Cody J. Inglis, K\u00e1roly Ign\u00e1cz<\/li>\n<\/ul>\n<p>\u00a0<\/p>\n<h2>2018<\/h2>\n<p>\u00a0<\/p>\n<p><strong>18\u201319 October 2018 \/ Budapest, Hungary<br \/><\/strong><strong>Project team workshop \/ 1<br \/><\/strong><a href=\"https:\/\/1918local.eu\/hu\/non-territorial-autonomy-history-of-a-travelling-idea\/\"><strong>Non-Territorial Autonomy: History of a Travelling Idea<\/strong><\/a><br \/>Organizers: <a href=\"https:\/\/events.ceu.edu\/host\/pasts-inc-center-historical-studies\" hreflang=\"en\">Pasts Inc., Center for Historical Studies<\/a>, Central European University\u00a0<\/p>\n<ul>\n<li>Participants: G\u00e1bor Egry, Christopher Wendt, Elisabeth Haid, Anik\u00f3 Izs\u00e1k, Ivan Jeli\u010di\u0107, K\u00e1roly Ign\u00e1cz, Cody J. Inglis, Jernej Kosi<\/li>\n<li><a href=\"https:\/\/1918local.eu\/nta-nepostrans-workshop-summary\/\">Event report<\/a><\/li>\n<\/ul>\n<p>\u00a0<\/p>\n<p>\u00a0<\/p>\n","protected":false},"excerpt":{"rendered":"<p>\u00a0 2023 15-16 May 2023 \/ Budapest, HungaryProject team workshop\/5Organizer: Institute of Political History Participants: G\u00e1bor Egry, Ivan Jeli\u010di\u0107, Jernej Kosi, Elisabeth Haid, Anik\u00f3 Izs\u00e1k, S\u00e9gol\u00e9ne Plyer, Christopher Wendt, Cody J. Inglis, K\u00e1roly Ign\u00e1cz \u00a0 2021 \u00a0 22 November 2021 \/ Online SeminarHistoire crois\u00e9e of Military Cultures. Military Missions in East-Central Europe, (1914\u20131938)Organizer: Institute of [&hellip;]<\/p>\n","protected":false},"author":1,"featured_media":0,"parent":0,"menu_order":0,"comment_status":"closed","ping_status":"closed","template":"","meta":{"_genesis_hide_title":false,"_genesis_hide_breadcrumbs":false,"_genesis_hide_singular_image":false,"_genesis_hide_footer_widgets":false,"_genesis_custom_body_class":"","_genesis_custom_post_class":"","_genesis_layout":""},"_links":{"self":[{"href":"https:\/\/1918local.eu\/sr-sp\/wp-json\/wp\/v2\/pages\/424"}],"collection":[{"href":"https:\/\/1918local.eu\/sr-sp\/wp-json\/wp\/v2\/pages"}],"about":[{"href":"https:\/\/1918local.eu\/sr-sp\/wp-json\/wp\/v2\/types\/page"}],"author":[{"embeddable":true,"href":"https:\/\/1918local.eu\/sr-sp\/wp-json\/wp\/v2\/users\/1"}],"replies":[{"embeddable":true,"href":"https:\/\/1918local.eu\/sr-sp\/wp-json\/wp\/v2\/comments?post=424"}],"version-history":[{"count":25,"href":"https:\/\/1918local.eu\/sr-sp\/wp-json\/wp\/v2\/pages\/424\/revisions"}],"predecessor-version":[{"id":2209,"href":"https:\/\/1918local.eu\/sr-sp\/wp-json\/wp\/v2\/pages\/424\/revisions\/2209"}],"wp:attachment":[{"href":"https:\/\/1918local.eu\/sr-sp\/wp-json\/wp\/v2\/media?parent=424"}],"curies":[{"name":"wp","href":"https:\/\/api.w.org\/{rel}","templated":true}]}}