{"id":430,"date":"2018-10-26T13:30:37","date_gmt":"2018-10-26T13:30:37","guid":{"rendered":"http:\/\/1918local.eu\/?page_id=430"},"modified":"2024-02-20T15:28:44","modified_gmt":"2024-02-20T15:28:44","slug":"publications-and-books","status":"publish","type":"page","link":"https:\/\/1918local.eu\/sr-sp\/publications-and-books\/","title":{"rendered":"Publications in Books"},"content":{"rendered":"<h2>2023<\/h2>\n<p>&nbsp;<\/p>\n<p><strong>ERC Nepostrans volumes in 9 languages:<\/strong><\/p>\n<blockquote class=\"wp-embedded-content\" data-secret=\"YCZZs3bKnU\"><p><a href=\"https:\/\/1918local.eu\/momentous-times-and-ordinary-people\/\">Momentous Times and Ordinary People<\/a><\/p><\/blockquote>\n<p><iframe class=\"wp-embedded-content\" sandbox=\"allow-scripts\" security=\"restricted\" style=\"position: absolute; clip: rect(1px, 1px, 1px, 1px);\" title=\"&#8220;Momentous Times and Ordinary People&#8221; &#8212; \" src=\"https:\/\/1918local.eu\/momentous-times-and-ordinary-people\/embed\/#?secret=cRBDXlQr3p#?secret=YCZZs3bKnU\" data-secret=\"YCZZs3bKnU\" width=\"500\" height=\"282\" frameborder=\"0\" marginwidth=\"0\" marginheight=\"0\" scrolling=\"no\"><\/iframe><\/p>\n<p>&nbsp;<\/p>\n<h2><strong>2022<\/strong><\/h2>\n<p>&nbsp;<\/p>\n<p><strong>Elisabeth Haid:<\/strong> Von der Monarchie zur Republik. Demokratisierung und ihre Grenzen in Ostgalizien<strong><br \/>\n<\/strong><em>Christoph Augustynowicz, Dietlind H\u00fcchtker, B\u00f6rries Kuzmany (eds.), <a href=\"https:\/\/www.vandenhoeck-ruprecht-verlage.com\/detail\/index\/sArticle\/57906\" target=\"_blank\" rel=\"noopener\">Perlen geschichtswissenschaftlicher Reflexion. \u00d6stliches Europa, sozialgeschichtliche Interventionen, imperial Vergleiche<\/a>, G\u00f6ttingen: V&#038;R unipress 2022, S. 115\u2013120.<\/em><\/p>\n<p>&nbsp;<\/p>\n<p><strong>K\u00e1roly Ign\u00e1cz:<\/strong> <a href=\"https:\/\/1918local.eu\/wp-content\/uploads\/2022\/09\/ignacz_hik2020_2022.pdf\" target=\"_blank\" rel=\"noopener\">Hat\u00e1rtalan \u201ev\u00f6r\u00f6s \u00f6vezet\u201d Budapest k\u00f6r\u00fcl? \u2013 Egy politikai-ideol\u00f3giai m\u00edtosz<\/a><br \/>\n<em><a href=\"https:\/\/www.hajnalkor.com\/post\/elhagyta-a-nyomd%C3%A1t-a-hik-2020-%C3%A9vi-p%C3%A9csi-konferenci%C3%A1j%C3%A1nak-tanulm%C3%A1nyk%C3%B6tete\" target=\"_blank\" rel=\"noopener\">Hat\u00e1r, hat\u00e1rhelyzet, hat\u00e1r\u00e1tl\u00e9p\u00e9s<\/a>. Szerk.: Kiss Zsuzsanna\u2013Szil\u00e1gyi Zsolt. HIK\u2013L\u00edceum, Szeged\u2013Eger, 2022. 113\u2013128.<\/em><\/p>\n<p>&nbsp;<\/p>\n<p><strong>Elisabeth Haid:<\/strong> <a href=\"https:\/\/www.taylorfrancis.com\/chapters\/edit\/10.4324\/9781003185017-14\/robbery-murder-elisabeth-haid\" target=\"_blank\" rel=\"noopener\">\u201cRobbery and Murder\u201d: Conflicts at the Polish-Romanian Border in the Aftermath of the War<strong><br \/>\n<\/strong><\/a><em>Tomasz Pud\u0142ocki, Kamil Rusza\u0142a (eds.), Postwar Continuity and New Challenges in Central Europe, 1918\u20131923. The War That Never Ended, New York: Routledge 2022, S. 219\u2013231.<\/em><\/p>\n<p>&nbsp;<\/p>\n<p><strong>K\u00e1roly Ign\u00e1cz:<\/strong> <a href=\"https:\/\/1918local.eu\/wp-content\/uploads\/2022\/09\/ignacz_karsai70_2022.pdf\" target=\"_blank\" rel=\"noopener\">\u201eA korm\u00e1nyp\u00e1rt \u00e9s a nyilasok k\u00f6z\u00f6tt teh\u00e1t nincs k\u00fcl\u00f6nbs\u00e9g\u2026\u201d? V\u00e1laszt\u00e1sok \u00e9s a sz\u00e9ls\u0151jobboldal Kispesten \u00e9s Pestszenterzs\u00e9beten 1939-ben<\/a><br \/>\n<em>\u201eEllen\u00e1llni a gonosznak\u201d. Tanulm\u00e1nyok a 70 \u00e9ves Karsai L\u00e1szl\u00f3 tisztelet\u00e9re. Szerk.: Margittai Linda. SZTE Jelenkort\u00f6rt\u00e9neti Tansz\u00e9k, Szeged, 2022. 47\u201362.<\/em><\/p>\n<p>&nbsp;<\/p>\n<p><strong>K\u00e1roly Ign\u00e1cz:<\/strong> <a href=\"https:\/\/1918local.eu\/wp-content\/uploads\/2022\/09\/ignacz_mo_glob_tort_2022.pdf\" target=\"_blank\" rel=\"noopener\">1918. Az \u00e1ltal\u00e1nos v\u00e1laszt\u00f3jog bevezet\u00e9se. a demokratiz\u00e1l\u00e1s r\u00f6g\u00f6s \u00fatja<\/a><br \/>\n<em>Magyarorsz\u00e1g glob\u00e1lis t\u00f6rt\u00e9nete, 1869\u20132022. Szerk.: Lacz\u00f3 Ferenc, Varga B\u00e1lint. Corvina, Budapest, 2022. 135\u2013139.<\/em><\/p>\n<p>&nbsp;<\/p>\n<h2><strong>2021<\/strong><\/h2>\n<p>&nbsp;<\/p>\n<p><strong>Ivan Jeli\u010di\u0107:<\/strong> <a href=\"https:\/\/www.fiumemondo.it\/wp-content\/uploads\/2021\/11\/Stato-libero-di-Fiume-bilingue.pdf\" target=\"_blank\" rel=\"noopener\">Za slobodnu dr\u017eavu prije Slobodne Dr\u017eave, razmatranja o rije\u010dkoj Autonomnoj demokratskoj stranci, 80-89. \/ Per lo stato libero prima dello Stato libero, considerazioni sul Partito autonomo democratico fiumano, 90-100.<\/a><br \/>\n<em>\u0160vorini\u0107, Danko (ur.), Zbornik radova s me\u0111unarodnog znanstvenog skupa povodom 100 godina od osnutka Slobodne Dr\u017eave Rijeka \/ Raccolta di atti del convegno scientifico internazionale per i 100 anni di fondazione dello Stato libero di Fiume, Udruga Slobodna Dr\u017eava Rijeka, Rijeka, 2021.<\/em><\/p>\n<p>&nbsp;<\/p>\n<h2><strong>2020<\/strong><\/h2>\n<p>&nbsp;<\/p>\n<p><strong>G\u00e1bor Egry: <\/strong><a href=\"http:\/\/real.mtak.hu\/124584\/1\/2020_10_Kozigazgatastortenet_3-2_EgryG_KL.pdf\">Z\u00e1rv\u00e1nyok, hagyom\u00e1nyok, szakemberek. A magyar k\u00f6zigazgat\u00e1s \u00e9s Nagy-Rom\u00e1nia m\u0171k\u00f6d\u00e9se<\/a><br \/>\n<em>Trianon \u00e9s a magyar k\u00f6zigazgat\u00e1s, Magyar Korm\u00e1nytisztvisel\u0151i Kar; Magyar Nemzeti Lev\u00e9lt\u00e1r, 2020, pp. 131-150.<\/em><\/p>\n<p>&nbsp;<\/p>\n<p><strong>K\u00e1roly Ign\u00e1cz:<\/strong> <a href=\"https:\/\/1918local.eu\/wp-content\/uploads\/2022\/09\/ignacz_horthy_vitatott_2020.pdf\" target=\"_blank\" rel=\"noopener\">Folyamatoss\u00e1g \u00e9s v\u00e1ltoz\u00e1s: a politikai rendszer m\u0171k\u00f6d\u00e9sm\u00f3dj\u00e1nak id\u0151beli \u00e9s t\u00e9rbeli k\u00fcl\u00f6nbs\u00e9gei<\/a><br \/>\n<em>A Horthy-korszak vitatott k\u00e9rd\u00e9sei. Kossuth, Budapest, 2020. 81\u201385.<\/em><\/p>\n<p>&nbsp;<\/p>\n<p><strong>K\u00e1roly Ign\u00e1cz:<\/strong> <a href=\"https:\/\/www.academia.edu\/44161584\/\" target=\"_blank\" rel=\"noopener\">A k\u00f6zt\u00e9r mint politikai csatat\u00e9r. Az utca szerepe a v\u00e1laszt\u00e1si kamp\u00e1nyokban Budapesten, 1920\u20131939<\/a><br \/>\n<em>Magyar V\u00e1rost\u00f6rt\u00e9neti \u00c9vk\u00f6nyv XIV. 2019. Budapest F\u0151v\u00e1ros Lev\u00e9lt\u00e1ra, Budapest, 2020. 143\u2013169.<\/em><\/p>\n<p>&nbsp;<\/p>\n<h2><strong>2019<\/strong><\/h2>\n<p>&nbsp;<\/p>\n<p><strong>G\u00e1bor Egry: <\/strong><a href=\"http:\/\/real.mtak.hu\/id\/eprint\/116301\">Regional Elites, Nationalist Politics, Local Accommodations. Center-Periphery Struggles in Late Dualist Hungary<\/a><strong><br \/>\n<\/strong><em>\u00d6sterreich-Ungarns imperiale Herausforderungen. Nationalismus und Rivalit\u00e4ten im Habsburgerreich um 1900, V &#038; R Unipress, 2019, pp. 333-353.<\/em><\/p>\n<p>&nbsp;<\/p>\n<p><strong>G\u00e1bor Egry: <\/strong><a href=\"http:\/\/real.mtak.hu\/90840\/\">Negotiating Post-Imperial Transitions: Local Societies and Nationalizing States in East Central Europe<\/a><br \/>\n<em>Embers of Empire. Continuity and Rupture in the Habsburg Successor States after 1918, Berghahn Books, 2019, pp. 15-42.<\/em><\/p>\n<p>&nbsp;<\/p>\n<p>&nbsp;<\/p>\n","protected":false},"excerpt":{"rendered":"<p>2023 &nbsp; ERC Nepostrans volumes in 9 languages: Momentous Times and Ordinary People &nbsp; 2022 &nbsp; Elisabeth Haid: Von der Monarchie zur Republik. Demokratisierung und ihre Grenzen in Ostgalizien Christoph Augustynowicz, Dietlind H\u00fcchtker, B\u00f6rries Kuzmany (eds.), Perlen geschichtswissenschaftlicher Reflexion. \u00d6stliches Europa, sozialgeschichtliche Interventionen, imperial Vergleiche, G\u00f6ttingen: V&#038;R unipress 2022, S. 115\u2013120. &nbsp; K\u00e1roly Ign\u00e1cz: Hat\u00e1rtalan [&hellip;]<\/p>\n","protected":false},"author":1,"featured_media":0,"parent":0,"menu_order":0,"comment_status":"closed","ping_status":"closed","template":"","meta":{"_genesis_hide_title":false,"_genesis_hide_breadcrumbs":false,"_genesis_hide_singular_image":false,"_genesis_hide_footer_widgets":false,"_genesis_custom_body_class":"","_genesis_custom_post_class":"","_genesis_layout":""},"_links":{"self":[{"href":"https:\/\/1918local.eu\/sr-sp\/wp-json\/wp\/v2\/pages\/430"}],"collection":[{"href":"https:\/\/1918local.eu\/sr-sp\/wp-json\/wp\/v2\/pages"}],"about":[{"href":"https:\/\/1918local.eu\/sr-sp\/wp-json\/wp\/v2\/types\/page"}],"author":[{"embeddable":true,"href":"https:\/\/1918local.eu\/sr-sp\/wp-json\/wp\/v2\/users\/1"}],"replies":[{"embeddable":true,"href":"https:\/\/1918local.eu\/sr-sp\/wp-json\/wp\/v2\/comments?post=430"}],"version-history":[{"count":13,"href":"https:\/\/1918local.eu\/sr-sp\/wp-json\/wp\/v2\/pages\/430\/revisions"}],"predecessor-version":[{"id":2202,"href":"https:\/\/1918local.eu\/sr-sp\/wp-json\/wp\/v2\/pages\/430\/revisions\/2202"}],"wp:attachment":[{"href":"https:\/\/1918local.eu\/sr-sp\/wp-json\/wp\/v2\/media?parent=430"}],"curies":[{"name":"wp","href":"https:\/\/api.w.org\/{rel}","templated":true}]}}